{"id":11502,"date":"2019-03-21T15:20:48","date_gmt":"2019-03-21T20:20:48","guid":{"rendered":"https:\/\/colbuenosaires.edu.co\/web\/?page_id=11502"},"modified":"2021-03-23T09:49:27","modified_gmt":"2021-03-23T14:49:27","slug":"nuestro-colegio","status":"publish","type":"page","link":"https:\/\/colbuenosaires.edu.co\/web\/nuestro-colegio\/","title":{"rendered":"Nuestro Colegio"},"content":{"rendered":"<div class=\"wpb-content-wrapper\"><p>[vc_row][vc_column]<div class=\"thim-widget-heading template-base\"><div class=\"sc_heading  text-center\"><h3 style=\"font-size:35px;font-weight:600;\" class=\"title\">Informaci\u00f3n <strong>Institucional<\/strong><\/h3><\/div><\/div>[\/vc_column][\/vc_row][vc_row css=\u00bb.vc_custom_1559531433775{margin-bottom: 15px !important;}\u00bb][vc_column width=\u00bb1\/2&#8243; css=\u00bb.vc_custom_1562422417563{margin-bottom: 30px !important;}\u00bb][vc_column_text]<\/p>\n<h3 class=\"thim-text-title\">Misi\u00f3n<\/h3>\n<p>La Instituci\u00f3n Educativa Buenos Aires de la ciudad de San Jos\u00e9 de C\u00facuta, ofrece sus servicios educativos en el sector oficial a ni\u00f1os y j\u00f3venes de los barrios Buenos Aires, la Ermita, Brisas de la Ermita, Colombia I y sectores aleda\u00f1os ; brindando las herramientas que contribuyan a la construcci\u00f3n de sus proyectos de vida, por medio de procesos pedag\u00f3gicos formativos de calidad en los niveles de Pre-escolar, B\u00e1sica Primaria, Secundaria y Educaci\u00f3n Media T\u00e9cnica; orientada por el modelo pedag\u00f3gico \u201cAprender a educarse, a ser y a obrar\u201d que contribuya a la transformaci\u00f3n de la sociedad, forjando personas emprendedoras que desarrollen sus competencias acad\u00e9micas, ciudadanas, laborales y sociales.[\/vc_column_text][\/vc_column][vc_column width=\u00bb1\/2&#8243; css=\u00bb.vc_custom_1562422411870{margin-bottom: 30px !important;}\u00bb][vc_column_text]<\/p>\n<h3 class=\"thim-text-title\">Visi\u00f3n<\/h3>\n<p>Para el a\u00f1o 2021 la Instituci\u00f3n Educativa Colegio Buenos Aires se proyecta como una instituci\u00f3n Reconocida a nivel municipal y departamental por la calidad de sus procesos pedag\u00f3gicos formativos orientados a la transformaci\u00f3n de la sociedad, forjando personas emprendedoras que desarrollen sus competencias acad\u00e9micas, ciudadanas, laborales y sociales.[\/vc_column_text][\/vc_column][\/vc_row][vc_row][vc_column][vc_row_inner][vc_column_inner]<div class=\"thim-widget-heading template-base\"><div class=\"sc_heading  text-center\"><h3 class=\"title\">S\u00edmbolos <strong>Institucionales<\/strong><\/h3><\/div><\/div>[\/vc_column_inner][\/vc_row_inner][vc_row_inner][vc_column_inner width=\u00bb1\/2&#8243;][vc_column_text]<\/p>\n<h3 class=\"thim-text-title\">Bandera<\/h3>\n<p><img decoding=\"async\" class=\"alignleft\" src=\"https:\/\/colbuenosaires.edu.co\/web\/wp-content\/uploads\/2019\/07\/image002.jpg\" \/>Representa nuestra identidad. Compuesta por dos franjas equidistantes en forma horizontal, la primera de color verde que simboliza la esperanza que pone el colegio en cada uno de los estudiantes que se formar\u00e1n y que con sus acciones definir\u00e1n el futuro de nuestra sociedad. El blanco que representa la paz como fin al que estamos llamados para vivir en armon\u00eda; tambi\u00e9n representa a Dios quien es fuente y autor de esa paz.<\/p>\n<p>[\/vc_column_text][\/vc_column_inner][vc_column_inner width=\u00bb1\/2&#8243;][vc_column_text]<\/p>\n<h3 class=\"thim-text-title\">Escudo<\/h3>\n<p><img decoding=\"async\" class=\"alignleft\" src=\"https:\/\/colbuenosaires.edu.co\/web\/wp-content\/uploads\/2019\/11\/escudo_web.png\" \/>EL ESCUDO: Estandarte que sostienen los valores que nos identifican. De tipo casulla en cuyo alrededor se inscribe el nombre del colegio. En su interior se reparte en tres franjas, siendo la superior de color blanco donde se dibuja un Sol con la inscripci\u00f3n de la palabra virtud, aludiendo a Dios como estrella que nos ilumina a todos y fuente de las virtudes valores que todo ser humano debe cultivar. Hacia el margen inferior-izquierdo se dibuja un libro abierto en fondo verde con la palabra Ciencia, relacion\u00e1ndose con el fin supremo de la instituci\u00f3n que es la de formar a los estudiantes en los elementos acad\u00e9micos que les permita comprender el mundo en el que viven para transformarlo. Hacia el margen derecho y en fondo de color verde se observa dibujada una antorcha con la inscripci\u00f3n de la palabra triunfo, aludiendo a la capacidad del ser humano de ser competitivo en todos los ambientes en que se desarrollan y especialmente en el deportivo, consolidando as\u00ed la integralidad en la formaci\u00f3n que el colegio quiere brindar a sus estudiantes.<\/p>\n<p>[\/vc_column_text][\/vc_column_inner][\/vc_row_inner][vc_row_inner][vc_column_inner][vc_column_text]<\/p>\n<h3 class=\"thim-text-title\">HIMNO<\/h3>\n<p>Canto sublime a nuestra identidad. Consta de cuatro estrofas y un coro en el que se exaltan los valores y acciones que hacen del estudiante bonaerense digno ejemplo de amor e identidad por su colegio.<\/p>\n<p>[\/vc_column_text][\/vc_column_inner][\/vc_row_inner][\/vc_column][\/vc_row][vc_row full_width=\u00bbstretch_row_content_no_spaces\u00bb css=\u00bb.vc_custom_1562422886073{background-color: #dcfaeb !important;}\u00bb][vc_column][vc_row_inner][vc_column_inner]<div class=\"thim-widget-heading template-base\"><div class=\"sc_heading  text-center\"><h3 class=\"title\"><strong>Himno<\/strong> Institucional<\/h3><span class=\"line\"><\/span><\/div><\/div>[\/vc_column_inner][\/vc_row_inner][vc_row_inner][vc_column_inner width=\u00bb1\/3&#8243;]<div class=\"thim-widget-heading template-base\"><div class=\"sc_heading  text-center\"><h3 class=\"title\">CORO<\/h3><span class=\"line\"><\/span><\/div><\/div>[vc_column_text]<\/p>\n<div style=\"text-align: center;\">Buenos Aires siempre hemos de buscar<br \/>\nLa excelencia con gran tenacidad<br \/>\nBuenos Aires siempre hemos de lograr<br \/>\nConjugando valores y verdad (bis)<\/div>\n<p>[\/vc_column_text]<div class=\"thim-widget-heading template-base\"><div class=\"sc_heading  text-center\"><h3 class=\"title\">III<\/h3><span class=\"line\"><\/span><\/div><\/div>[vc_column_text]<\/p>\n<div style=\"text-align: center;\">Juventud que en su vida y en su mente<br \/>\nLlevan siempre la gloria y el deber<br \/>\nQue aprendieron de sus grandes maestros<br \/>\nLa importante experiencia del saber<\/div>\n<p>[\/vc_column_text][\/vc_column_inner][vc_column_inner width=\u00bb1\/3&#8243;]<div class=\"thim-widget-heading template-base\"><div class=\"sc_heading  text-center\"><h3 class=\"title\">I<\/h3><span class=\"line\"><\/span><\/div><\/div>[vc_column_text]<\/p>\n<div style=\"text-align: center;\">La honestidad, el amor y el hero\u00edsmo<br \/>\nLos pilares de nuestra formaci\u00f3n<br \/>\nLa ense\u00f1anza nos libre del abismo<br \/>\nBrind\u00e1ndonos mejor educaci\u00f3n.<\/div>\n<p>[\/vc_column_text]<div class=\"thim-widget-heading template-base\"><div class=\"sc_heading  text-center\"><h3 class=\"title\">IV<\/h3><span class=\"line\"><\/span><\/div><\/div>[vc_column_text]<\/p>\n<div style=\"text-align: center;\">Construyamos caminos mas abiertos<br \/>\nDonde reine la paz y la amistad<br \/>\nManteniendo los sentidos despiertos<br \/>\nForjando nuestra propia identidad.<\/div>\n<p>[\/vc_column_text][\/vc_column_inner][vc_column_inner width=\u00bb1\/3&#8243;]<div class=\"thim-widget-heading template-base\"><div class=\"sc_heading  text-center\"><h3 class=\"title\">II<\/h3><span class=\"line\"><\/span><\/div><\/div>[vc_column_text]<\/p>\n<div style=\"text-align: center;\">El trabajo, el esfuerzo y la constancia<br \/>\nSon caminos que debemos seguir<br \/>\nAdelante con fe y perseverancia<br \/>\nProcur\u00e1ndonos mejor porvenir<\/div>\n<p>[\/vc_column_text][\/vc_column_inner][\/vc_row_inner][\/vc_column][\/vc_row]<\/p>\n<\/div>","protected":false},"excerpt":{"rendered":"<p>[vc_row][vc_column][\/vc_column][\/vc_row][vc_row css=\u00bb.vc_custom_1559531433775{margin-bottom: 15px !important;}\u00bb][vc_column width=\u00bb1\/2&#8243; css=\u00bb.vc_custom_1562422417563{margin-bottom: 30px !important;}\u00bb][vc_column_text] Misi\u00f3n La Instituci\u00f3n Educativa Buenos Aires de la ciudad de San Jos\u00e9 de C\u00facuta, ofrece sus servicios educativos en el sector oficial a ni\u00f1os y j\u00f3venes de los barrios Buenos Aires, la &hellip; <\/p>\n","protected":false},"author":1,"featured_media":0,"parent":0,"menu_order":0,"comment_status":"closed","ping_status":"closed","template":"","meta":{"footnotes":""},"class_list":["post-11502","page","type-page","status-publish","hentry"],"_links":{"self":[{"href":"https:\/\/colbuenosaires.edu.co\/web\/wp-json\/wp\/v2\/pages\/11502","targetHints":{"allow":["GET"]}}],"collection":[{"href":"https:\/\/colbuenosaires.edu.co\/web\/wp-json\/wp\/v2\/pages"}],"about":[{"href":"https:\/\/colbuenosaires.edu.co\/web\/wp-json\/wp\/v2\/types\/page"}],"author":[{"embeddable":true,"href":"https:\/\/colbuenosaires.edu.co\/web\/wp-json\/wp\/v2\/users\/1"}],"replies":[{"embeddable":true,"href":"https:\/\/colbuenosaires.edu.co\/web\/wp-json\/wp\/v2\/comments?post=11502"}],"version-history":[{"count":3,"href":"https:\/\/colbuenosaires.edu.co\/web\/wp-json\/wp\/v2\/pages\/11502\/revisions"}],"predecessor-version":[{"id":11841,"href":"https:\/\/colbuenosaires.edu.co\/web\/wp-json\/wp\/v2\/pages\/11502\/revisions\/11841"}],"wp:attachment":[{"href":"https:\/\/colbuenosaires.edu.co\/web\/wp-json\/wp\/v2\/media?parent=11502"}],"curies":[{"name":"wp","href":"https:\/\/api.w.org\/{rel}","templated":true}]}}